{"id":59999,"date":"2026-03-22T22:31:17","date_gmt":"2026-03-22T13:31:17","guid":{"rendered":"https:\/\/homewine.jp\/store\/?post_type=product&#038;p=59999"},"modified":"2026-03-22T22:45:06","modified_gmt":"2026-03-22T13:45:06","slug":"%e3%82%b3%e3%83%8e-%e3%82%bd%e3%83%bc%e3%83%b4%e3%82%a3%e3%83%8b%e3%83%a8%e3%83%b3%e3%83%bb%e3%83%96%e3%83%a9%e3%83%b3","status":"publish","type":"product","link":"https:\/\/homewine.jp\/store\/wine\/detail\/%e3%82%b3%e3%83%8e-%e3%82%bd%e3%83%bc%e3%83%b4%e3%82%a3%e3%83%8b%e3%83%a8%e3%83%b3%e3%83%bb%e3%83%96%e3%83%a9%e3%83%b3\/","title":{"rendered":"\u30b3\u30ce \u30bd\u30fc\u30f4\u30a3\u30cb\u30e8\u30f3\u30fb\u30d6\u30e9\u30f3"},"content":{"rendered":"\n<h2 class=\"wp-block-heading\">\u5546\u54c1\u306b\u3064\u3044\u3066<\/h2>\n\n\n\n<p>\u4e16\u754c\u30c8\u30c3\u30d7\u30af\u30e9\u30b9\u306e\u30bd\u30fc\u30f4\u30a3\u30cb\u30e8\u30f3\u30fb\u30d6\u30e9\u30f3\u306e\u7523\u5730\u3001\u30de\u30fc\u30eb\u30dc\u30ed\u5730\u65b9\u3067\u751f\u307e\u308c\u305f\u30d5\u30ec\u30c3\u30b7\u30e5\u3067\u8c4a\u304b\u306a\u679c\u5b9f\u5473\u304c\u9b45\u529b\u306e\u30ef\u30a4\u30f3\u3067\u3059\u3002\u4e16\u754c\u7684\u306a\u30ef\u30a4\u30f3\u30b3\u30f3\u30af\u30fc\u30eb\u3084\u8457\u540d\u306a\u30ef\u30a4\u30f3\u8a8c\u3067\u3082\u6570\u3005\u306e\u8cde\u3092\u53d7\u8cde\u3057\u3001\u9ad8\u3044\u54c1\u8cea\u3068\u30b3\u30b9\u30c8\u30d1\u30d5\u30a9\u30fc\u30de\u30f3\u30b9\u3092\u8a87\u308a\u307e\u3059\u3002<\/p>\n\n\n\n<p>\u51b7\u6dbc\u306a\u30c6\u30ed\u30ef\u30fc\u30eb\u304c\u80b2\u3080\u3001\u723d\u3084\u304b\u306a\u67d1\u6a58\u7cfb\u306e\u9999\u308a\u3068\u30c8\u30ed\u30d4\u30ab\u30eb\u30d5\u30eb\u30fc\u30c4\u306e\u30cb\u30e5\u30a2\u30f3\u30b9\u304c\u5e83\u304c\u308a\u3001\u30b7\u30e3\u30fc\u30d7\u306a\u9178\u5473\u3068\u8c4a\u304b\u306a\u679c\u5b9f\u5473\u304c\u898b\u4e8b\u306b\u8abf\u548c\u3002\u591a\u304f\u306e\u30ef\u30a4\u30f3\u611b\u597d\u5bb6\u3092\u9b45\u4e86\u3059\u308b\u30bd\u30fc\u30f4\u30a3\u30cb\u30e8\u30f3\u30fb\u30d6\u30e9\u30f3\u3067\u3059\u3002<\/p>\n\n\n<div class=\"lazyblock-basic-info-PFPW8 align  wp-block-lazyblock-basic-info\"><figure class=\"wp-block-table wine-basic-info \">\n  <div class=\"inner\">\n    <table>\n    <tbody>\n\t    <tr>\n    <th scope=\"row\">\u30bf\u30a4\u30d7<\/th>\n    <td>\n      <a href=\"https:\/\/homewine.jp\/store\/wine\/list?_types=white\">\u767d\u30ef\u30a4\u30f3<\/a>    <\/td>\n    <\/tr>\n\t\t    <tr>\n    <th scope=\"row\">\u98f2\u307f\u53e3<\/th>\n    <td>\n\t\t<a href=\"https:\/\/homewine.jp\/store\/wine\/list?_taste=elegant\">\u30a8\u30ec\u30ac\u30f3\u30c8<\/a>    <\/td>\n    <\/tr>\n\t\t    <tr>\n    <th scope=\"row\">\u30d6\u30c9\u30a6\u54c1\u7a2e<\/th>\n    <td>\n      <div class=\"varieties\">\n\t\t<img decoding=\"async\" src=\"https:\/\/homewine.jp\/store\/wp-content\/uploads\/2024\/07\/white-grape.png\">\n\t\t<span><a href=\"https:\/\/homewine.jp\/store\/wine\/list?_varieties=sauvignon-blanc\">\u30bd\u30fc\u30f4\u30a3\u30cb\u30e8\u30f3\u30fb\u30d6\u30e9\u30f3<\/a>\u3000100%<\/span>\n      <\/div>\n      <\/td>\n    <\/tr>\n\t\t    <tr>\n    <th scope=\"row\">\u539f\u7523\u56fd\u30fb\u5730\u57df<\/th>\n    <td>\n      <div class=\"area\"><span>\n\t\t<img decoding=\"async\" src=\"https:\/\/homewine.jp\/store\/wp-content\/uploads\/2024\/06\/New-Zealand-flag.png\">\n\t\t<\/span>\n\t\t<span><a href=\"https:\/\/homewine.jp\/store\/wine\/list?_area=new-zealand\">\u30cb\u30e5\u30fc\u30b8\u30fc\u30e9\u30f3\u30c9<\/a>\/<a href=\"https:\/\/homewine.jp\/store\/wine\/list?_area=marlborough\">\u30de\u30fc\u30eb\u30dc\u30ed<\/a>\/\u30ef\u30a4\u30e9\u30a6\u30fb\u30f4\u30a1\u30ec\u30fc<\/span>\n      <\/div>\n      <\/td>\n    <\/tr>\n\t\t    <tr>\n    <th scope=\"row\">\u751f\u7523\u8005<\/th>\n    <td>\n\t\t\u30b3\u30ce\uff08Kono\uff09\t<\/td>\n    <\/tr>\n\t\t\t    <\/tbody>\n    <\/table>\n      <\/div>\n          <\/figure><\/div>\n\n\n<h2 class=\"wp-block-heading\">\u30c6\u30a4\u30b9\u30c6\u30a3\u30f3\u30b0\u30ce\u30fc\u30c8<\/h2>\n\n\n\n<figure class=\"wp-block-image size-large\"><img loading=\"lazy\" decoding=\"async\" width=\"1200\" height=\"675\" src=\"https:\/\/homewine.jp\/store\/wp-content\/uploads\/2025\/02\/\u30c6\u30a4\u30b9\u30c6\u30a3\u30f3\u30b0\u30ce\u30fc\u30c8_\u30b3\u30ce-\u30bd\u30fc\u30f4\u30a3\u30cb\u30e8\u30f3\u30fb\u30d6\u30e9\u30f3-1200x675.png\" alt=\"\u30c6\u30a4\u30b9\u30c6\u30a3\u30f3\u30b0\u30ce\u30fc\u30c8\u3000\u30b3\u30ce \u30bd\u30fc\u30f4\u30a3\u30cb\u30e8\u30f3\u30fb\u30d6\u30e9\u30f3\" class=\"wp-image-60001\" srcset=\"https:\/\/homewine.jp\/store\/wp-content\/uploads\/2025\/02\/\u30c6\u30a4\u30b9\u30c6\u30a3\u30f3\u30b0\u30ce\u30fc\u30c8_\u30b3\u30ce-\u30bd\u30fc\u30f4\u30a3\u30cb\u30e8\u30f3\u30fb\u30d6\u30e9\u30f3-1200x675.png 1200w, https:\/\/homewine.jp\/store\/wp-content\/uploads\/2025\/02\/\u30c6\u30a4\u30b9\u30c6\u30a3\u30f3\u30b0\u30ce\u30fc\u30c8_\u30b3\u30ce-\u30bd\u30fc\u30f4\u30a3\u30cb\u30e8\u30f3\u30fb\u30d6\u30e9\u30f3-768x432.png 768w, https:\/\/homewine.jp\/store\/wp-content\/uploads\/2025\/02\/\u30c6\u30a4\u30b9\u30c6\u30a3\u30f3\u30b0\u30ce\u30fc\u30c8_\u30b3\u30ce-\u30bd\u30fc\u30f4\u30a3\u30cb\u30e8\u30f3\u30fb\u30d6\u30e9\u30f3-1536x864.png 1536w, https:\/\/homewine.jp\/store\/wp-content\/uploads\/2025\/02\/\u30c6\u30a4\u30b9\u30c6\u30a3\u30f3\u30b0\u30ce\u30fc\u30c8_\u30b3\u30ce-\u30bd\u30fc\u30f4\u30a3\u30cb\u30e8\u30f3\u30fb\u30d6\u30e9\u30f3.png 1920w\" sizes=\"auto, (max-width: 1200px) 100vw, 1200px\" \/><\/figure>\n\n\n\n<p>\u8272\u8abf\u306f\u3001\u900f\u660e\u611f\u306e\u3042\u308b\u7dd1\u304c\u304b\u3063\u305f\u30ec\u30e2\u30f3\u30a4\u30a8\u30ed\u30fc\u3067\u3059\u3002<\/p>\n\n\n\n<p>\u9999\u308a\u306f\u3001\u30bd\u30fc\u30f4\u30a3\u30cb\u30e8\u30f3\u30fb\u30d6\u30e9\u30f3\u7279\u6709\u306e\u30ec\u30e2\u30f3\u3084\u30b0\u30ec\u30fc\u30d7\u30d5\u30eb\u30fc\u30c4\u306a\u3069\u306e\u723d\u3084\u304b\u306a\u67d1\u6a58\u7cfb\u306e\u30a2\u30ed\u30de\u304c\u5e83\u304c\u308a\u307e\u3059\u3002\u305d\u3053\u306b\u3001\u30d1\u30c3\u30b7\u30e7\u30f3\u30d5\u30eb\u30fc\u30c4\u3001\u30b0\u30a2\u30d0\u306a\u3069\u306e\u30c8\u30ed\u30d4\u30ab\u30eb\u30d5\u30eb\u30fc\u30c4\u306e\u9999\u308a\u304c\u52a0\u308f\u308a\u3001\u3055\u3089\u306b\u30d5\u30ec\u30c3\u30b7\u30e5\u30cf\u30fc\u30d6\u3084\u5208\u308a\u305f\u3066\u306e\u829d\u751f\u306e\u3088\u3046\u306a\u6e05\u3005\u3057\u3044\u30b0\u30ea\u30fc\u30f3\u30ce\u30fc\u30c8\u304c\u8abf\u548c\u3057\u3066\u3044\u307e\u3059\u3002\u30de\u30fc\u30eb\u30dc\u30ed\u7523\u306e\u30bd\u30fc\u30f4\u30a3\u30cb\u30e8\u30f3\u30fb\u30d6\u30e9\u30f3\u306b\u5178\u578b\u7684\u306a\u723d\u3084\u304b\u306a\u9999\u308a\u3067\u3059\u3002<\/p>\n\n\n\n<p>\u53e3\u306b\u542b\u3080\u3068\u3001\u30b7\u30e3\u30fc\u30d7\u3067\u9bae\u3084\u304b\u306a\u9178\u5473\u304c\u820c\u3092\u5fc3\u5730\u3088\u304f\u523a\u6fc0\u3057\u3001\u30b8\u30e5\u30fc\u30b7\u30fc\u3067\u30af\u30ea\u30b9\u30d7\u306a\u5370\u8c61\u3092\u4e0e\u3048\u307e\u3059\u3002\u7d9a\u3044\u3066\u3001\u719f\u3057\u305f\u30c8\u30ed\u30d4\u30ab\u30eb\u30d5\u30eb\u30fc\u30c4\u3084\u30d1\u30c3\u30b7\u30e7\u30f3\u30d5\u30eb\u30fc\u30c4\u306e\u8c4a\u304b\u306a\u679c\u5b9f\u5473\u304c\u53e3\u4e2d\u306b\u5e83\u304c\u308a\u3001\u5473\u308f\u3044\u306b\u6df1\u307f\u3092\u52a0\u3048\u3066\u3044\u307e\u3059\u3002\u30d5\u30ec\u30c3\u30b7\u30e5\u3067\u30c9\u30e9\u30a4\u306a\u5473\u308f\u3044\u306e\u30d0\u30e9\u30f3\u30b9\u304c\u7d76\u5999\u3067\u3059\u3002<\/p>\n\n\n\n<p>\u5168\u4f53\u3068\u3057\u3066\u3001\u723d\u3084\u304b\u3067\u30d0\u30e9\u30f3\u30b9\u306e\u53d6\u308c\u305f\u3001\u6d17\u7df4\u3055\u308c\u305f\u5473\u308f\u3044\u306e\u767d\u30ef\u30a4\u30f3\u3067\u3059\u3002<\/p>\n\n\n\n<h2 class=\"wp-block-heading\">\u3010\u751f\u7523\u8005\u3011\u30b3\u30ce<\/h2>\n\n\n\n<p>\u30b3\u30ce\u306f\u3001\u30cb\u30e5\u30fc\u30b8\u30fc\u30e9\u30f3\u30c9\u5357\u5cf6\u306e\u5317\u6771\u90e8\u306b\u4f4d\u7f6e\u3059\u308b\u30de\u30fc\u30eb\u30dc\u30ed\u5730\u65b9\u3067\u30011998\u5e74\u306b\u5148\u4f4f\u6c11\u65cf\u306e\u30de\u30aa\u30ea\u65cf\u306b\u3088\u3063\u3066\u8a2d\u7acb\u3055\u308c\u305f\u30ef\u30a4\u30ca\u30ea\u30fc\u3067\u3059\u3002\u30ef\u30a4\u30ca\u30ea\u30fc\u540d\u306e\u300cKono\uff08\u30b3\u30ce\uff09\u300d\u306f\u3001\u30de\u30aa\u30ea\u306e\u4f1d\u7d71\u7684\u306a\u7de8\u307f\u7c60\u3092\u610f\u5473\u3057\u3001\u6587\u5316\u7684\u907a\u7523\u3078\u306e\u656c\u610f\u3068\u571f\u5730\u3078\u306e\u611f\u8b1d\u304c\u8fbc\u3081\u3089\u308c\u3066\u3044\u307e\u3059\u3002<\/p>\n\n\n\n<p>\u30b3\u30ce\u3067\u306f\u3001\u300cToit\u016b te marae a T\u0101ne, toit\u016b te marae a Tangaroa, toit\u016b te iwi\/\u68ee\uff08T\u0101ne\uff09\u3068\u6d77\uff08Tangaroa\uff09\u304c\u7e41\u6804\u3059\u308c\u3070\u3001\u4eba\u3005\u3082\u7e41\u6804\u3059\u308b\u300d\u3068\u3044\u3046\u30de\u30aa\u30ea\u306e\u7406\u5ff5\u3092\u57fa\u76e4\u3068\u3057\u3001\u74b0\u5883\u3068\u4eba\u3005\u306e\u8abf\u548c\u3092\u91cd\u8996\u3057\u306a\u304c\u3089\u3001\u81ea\u7136\u74b0\u5883\u306e\u4fdd\u5168\u3068\u6301\u7d9a\u53ef\u80fd\u306a\u8fb2\u696d\u3068\u30ef\u30a4\u30f3\u9020\u308a\u3092\u8ffd\u6c42\u3057\u3066\u3044\u307e\u3059\u3002<\/p>\n\n\n\n<p>\u30b3\u30ce\u306f\u4f1d\u7d71\u3068\u73fe\u4ee3\u6280\u8853\u3092\u878d\u5408\u3055\u305b\u3001\u9ad8\u54c1\u8cea\u3067\u30b3\u30b9\u30c8\u30d1\u30d5\u30a9\u30fc\u30de\u30f3\u30b9\u306b\u512a\u308c\u305f\u30ef\u30a4\u30f3\u3067\u56fd\u969b\u7684\u306b\u3082\u9ad8\u8a55\u4fa1\u3092\u5f97\u3066\u3044\u307e\u3059\u30022017\u5e74\u30f4\u30a3\u30f3\u30c6\u30fc\u30b8\u306f\u6a29\u5a01\u3042\u308b\u56fd\u969b\u7684\u306a\u30ef\u30a4\u30f3\u30b3\u30f3\u30af\u30fc\u30eb\u3067\u3042\u308b\u300c\u30c7\u30ad\u30e3\u30f3\u30bf\u30fc\u30fb\u30ef\u30fc\u30eb\u30c9\u30fb\u30ef\u30a4\u30f3\u30fb\u30a2\u30ef\u30fc\u30c92018\u300d\u306797\u70b9\u306e\u30d7\u30e9\u30c1\u30ca\u8cde\u3092\u53d7\u8cde\u3057\u30012021\u5e74\u30f4\u30a3\u30f3\u30c6\u30fc\u30b8\u306f\u65e5\u672c\u306e\u300c\u30b5\u30af\u30e9\u30a2\u30ef\u30fc\u30c92022\u300d\u3067\u30c0\u30d6\u30eb\u30b4\u30fc\u30eb\u30c9\u3092\u7372\u5f97\u3057\u307e\u3057\u305f\u3002\u307e\u305f\u3001\u30a2\u30e1\u30ea\u30ab\u306e\u6709\u529b\u30ef\u30a4\u30f3\u5c02\u9580\u8a8c\u300c\u30ef\u30a4\u30f3\u30fb\u30b9\u30da\u30af\u30c6\u30fc\u30bf\u30fc\u300d\u30676\u56de\u306e\u30d9\u30b9\u30c8\u30fb\u30d0\u30ea\u30e5\u30fc\u306b\u9078\u3070\u308c\u308b\u306a\u3069\u3001\u6570\u591a\u304f\u306e\u8cde\u3092\u53d7\u8cde\u3057\u3066\u3044\u307e\u3059\u3002\u3053\u308c\u3089\u306e\u529f\u7e3e\u306f\u3001\u30b3\u30ce\u306e\u54c1\u8cea\u3078\u306e\u3053\u3060\u308f\u308a\u3068\u6301\u7d9a\u53ef\u80fd\u306a\u7406\u5ff5\u306e\u6210\u529f\u3092\u7269\u8a9e\u3063\u3066\u3044\u307e\u3059\u3002<br><\/p>\n\n\n\n<h3 class=\"wp-block-heading\">\u30de\u30fc\u30eb\u30dc\u30ed\u306e\u6075\u307f\u3092\u6d3b\u304b\u3057\u305f\u30b3\u30ce\u306e\u30ef\u30a4\u30f3\u9020\u308a<\/h3>\n\n\n\n<p>\u30b3\u30ce\u306f\u3001\u30cb\u30e5\u30fc\u30b8\u30fc\u30e9\u30f3\u30c9\u5c48\u6307\u306e\u9298\u91b8\u5730\u30de\u30fc\u30eb\u30dc\u30ed\u5730\u65b9\u3067\u3001\u9ad8\u54c1\u8cea\u306a\u30bd\u30fc\u30f4\u30a3\u30cb\u30e8\u30f3\u30fb\u30d6\u30e9\u30f3\u3092\u751f\u7523\u3057\u3066\u3044\u307e\u3059\u3002\u305d\u306e\u30ef\u30a4\u30f3\u9020\u308a\u306f\u3001\u30c6\u30ed\u30ef\u30fc\u30eb\uff08\u7523\u5730\u306e\u7279\u6027\uff09\u3092\u5b58\u5206\u306b\u6d3b\u304b\u3057\u3001\u7d30\u90e8\u307e\u3067\u3053\u3060\u308f\u3063\u305f\u5de5\u7a0b\u306b\u3088\u3063\u3066\u652f\u3048\u3089\u308c\u3066\u3044\u307e\u3059\u3002<\/p>\n\n\n\n<p>\u683d\u57f9\u3067\u306f\u3001\u571f\u58cc\u3084\u6c17\u5019\u6761\u4ef6\u3092\u53b3\u5bc6\u306b\u7ba1\u7406\u3057\u3001\u7406\u60f3\u7684\u306a\u9178\u5473\u3068\u30a2\u30ed\u30de\u3092\u6301\u3064\u30d6\u30c9\u30a6\u3092\u80b2\u3066\u3066\u3044\u307e\u3059\u3002\u6a5f\u68b0\u3067\u30b9\u30d4\u30fc\u30c7\u30a3\u30fc\u306b\u53ce\u7a6b\u3059\u308b\u3053\u3068\u3067\u9bae\u5ea6\u3092\u3067\u304d\u308b\u9650\u308a\u4fdd\u3061\u306a\u304c\u3089\u3001\u30c8\u30ed\u30d4\u30ab\u30eb\u30d5\u30eb\u30fc\u30c4\u3084\u67d1\u6a58\u7cfb\u306e\u8c4a\u304b\u306a\u9999\u308a\u3092\u5f15\u304d\u51fa\u3057\u307e\u3059\u3002<\/p>\n\n\n\n<p>\u91b8\u9020\u3067\u306f\u3001\u4f4e\u6e29\u51e6\u7406\u3067\u9178\u5316\u3092\u9632\u304e\u306a\u304c\u3089\u3001\u30b9\u30c6\u30f3\u30ec\u30b9\u30bf\u30f3\u30af\u3092\u7528\u3044\u305f\u4f4e\u6e29\u767a\u9175\u306b\u3088\u308a\u30d5\u30ec\u30c3\u30b7\u30e5\u3067\u30d4\u30e5\u30a2\u306a\u679c\u5b9f\u306e\u98a8\u5473\u3092\u4fdd\u6301\u3057\u3066\u3044\u307e\u3059\u3002\u719f\u6210\u3082\u30b9\u30c6\u30f3\u30ec\u30b9\u30bf\u30f3\u30af\u3067\u884c\u3046\u3053\u3068\u3067\u3001\u679c\u5b9f\u5473\u3092\u6700\u5927\u9650\u306b\u5f15\u304d\u51fa\u3057\u3066\u3044\u307e\u3059\u3002\u3053\u306e\u7d50\u679c\u3001\u9bae\u3084\u304b\u306a\u9178\u5473\u3068\u679c\u5b9f\u5473\u8c4a\u304b\u306a\u30d5\u30ec\u30fc\u30d0\u30fc\u304c\u7279\u5fb4\u306e\u30ef\u30a4\u30f3\u304c\u5b8c\u6210\u3057\u307e\u3059\u3002<\/p>\n\n\n\n<p>\u30b3\u30ce\u306e\u30bd\u30fc\u30f4\u30a3\u30cb\u30e8\u30f3\u30fb\u30d6\u30e9\u30f3\u306f\u3001\u305d\u306e\u6e05\u6dbc\u611f\u3042\u3075\u308c\u308b\u5473\u308f\u3044\u3068\u54c1\u8cea\u306e\u9ad8\u3055\u3001\u512a\u308c\u305f\u30b3\u30b9\u30c8\u30d1\u30d5\u30a9\u30fc\u30de\u30f3\u30b9\u3067\u3001\u4e16\u754c\u4e2d\u306b\u591a\u304f\u306e\u30d5\u30a1\u30f3\u304c\u3044\u308b\u30ef\u30a4\u30f3\u3067\u3059\u3002<\/p>\n\n\n\n<h2 class=\"wp-block-heading\">\u3010\u751f\u7523\u5730\u3011\u30de\u30fc\u30eb\u30dc\u30ed<\/h2>\n\n\n\n<figure class=\"wp-block-image size-large\"><img loading=\"lazy\" decoding=\"async\" width=\"1200\" height=\"675\" src=\"https:\/\/homewine.jp\/store\/wp-content\/uploads\/2025\/02\/\u751f\u7523\u5730_\u30de\u30fc\u30eb\u30dc\u30ed_\u30b3\u30ce-\u30bd\u30fc\u30f4\u30a3\u30cb\u30e8\u30f3\u30fb\u30d6\u30e9\u30f3-1200x675.png\" alt=\"\u751f\u7523\u5730\u3000\u30de\u30fc\u30eb\u30dc\u30ed\" class=\"wp-image-60002\" srcset=\"https:\/\/homewine.jp\/store\/wp-content\/uploads\/2025\/02\/\u751f\u7523\u5730_\u30de\u30fc\u30eb\u30dc\u30ed_\u30b3\u30ce-\u30bd\u30fc\u30f4\u30a3\u30cb\u30e8\u30f3\u30fb\u30d6\u30e9\u30f3-1200x675.png 1200w, https:\/\/homewine.jp\/store\/wp-content\/uploads\/2025\/02\/\u751f\u7523\u5730_\u30de\u30fc\u30eb\u30dc\u30ed_\u30b3\u30ce-\u30bd\u30fc\u30f4\u30a3\u30cb\u30e8\u30f3\u30fb\u30d6\u30e9\u30f3-768x432.png 768w, https:\/\/homewine.jp\/store\/wp-content\/uploads\/2025\/02\/\u751f\u7523\u5730_\u30de\u30fc\u30eb\u30dc\u30ed_\u30b3\u30ce-\u30bd\u30fc\u30f4\u30a3\u30cb\u30e8\u30f3\u30fb\u30d6\u30e9\u30f3-1536x864.png 1536w, https:\/\/homewine.jp\/store\/wp-content\/uploads\/2025\/02\/\u751f\u7523\u5730_\u30de\u30fc\u30eb\u30dc\u30ed_\u30b3\u30ce-\u30bd\u30fc\u30f4\u30a3\u30cb\u30e8\u30f3\u30fb\u30d6\u30e9\u30f3.png 1920w\" sizes=\"auto, (max-width: 1200px) 100vw, 1200px\" \/><\/figure>\n\n\n\n<p>\u30de\u30fc\u30eb\u30dc\u30ed\u5730\u65b9\u306f\u3001\u30cb\u30e5\u30fc\u30b8\u30fc\u30e9\u30f3\u30c9\u5357\u5cf6\u306e\u5317\u6771\u90e8\u306b\u4f4d\u7f6e\u3057\u3001\u4e16\u754c\u6709\u6570\u306e\u30bd\u30fc\u30f4\u30a3\u30cb\u30e8\u30f3\u30fb\u30d6\u30e9\u30f3\u306e\u7523\u5730\u3068\u3057\u3066\u77e5\u3089\u308c\u3066\u3044\u307e\u3059\u3002\u592a\u5e73\u6d0b\u3068\u5c71\u8108\u306b\u56f2\u307e\u308c\u3066\u304a\u308a\u3001\u30ef\u30a4\u30e9\u30a6\u30fb\u30f4\u30a1\u30ec\u30fc\u3001\u30a2\u30ef\u30c6\u30ec\u30fb\u30f4\u30a1\u30ec\u30fc\u3001\u30b5\u30b6\u30f3\u30fb\u30f4\u30a1\u30ec\u30fc\u3068\u3044\u30463\u3064\u306e\u4e3b\u8981\u306a\u683d\u57f9\u30a8\u30ea\u30a2\u3067\u69cb\u6210\u3055\u308c\u3066\u3044\u307e\u3059\u3002\u305d\u308c\u305e\u308c\u7570\u306a\u308b\u571f\u58cc\u3084\u6c17\u5019\u306e\u7279\u6027\u304c\u3042\u308b\u305f\u3081\u3001\u591a\u69d8\u306a\u30d6\u30c9\u30a6\u54c1\u7a2e\u306e\u683d\u57f9\u304c\u53ef\u80fd\u3067\u3059\u3002<\/p>\n\n\n\n<p>\u6c17\u5019\u306f\u51b7\u6dbc\u306a\u6d77\u6d0b\u6027\u6c17\u5019\u3067\u3001\u5e74\u9593\u7d042,400\u6642\u9593\u3068\u3044\u3046\u9577\u3044\u65e5\u7167\u6642\u9593\u3068\u7a4f\u3084\u304b\u306a\u590f\u30fb\u51b7\u6dbc\u306a\u51ac\u304c\u7279\u5fb4\u3067\u3059\u3002\u307e\u305f\u3001\u3053\u306e\u5730\u57df\u306f\u964d\u6c34\u91cf\u304c\u6bd4\u8f03\u7684\u5c11\u306a\u304f\u3001\u4e7e\u71e5\u3057\u305f\u6c17\u5019\u304c\u30d6\u30c9\u30a6\u306e\u751f\u80b2\u306b\u9069\u3057\u3066\u3044\u307e\u3059\u3002\u592a\u5e73\u6d0b\u304b\u3089\u306e\u51b7\u305f\u3044\u6d77\u98a8\u304c\u663c\u591c\u306e\u5bd2\u6696\u5dee\u3092\u751f\u307f\u51fa\u3057\u3001\u30d6\u30c9\u30a6\u306f\u663c\u9593\u306b\u7cd6\u5ea6\u3092\u4e0a\u3052\u3001\u30a2\u30ed\u30de\u5316\u5408\u7269\u306e\u751f\u6210\u3092\u4fc3\u3057\u307e\u3059\u3002\u4e00\u65b9\u3067\u3001\u591c\u9593\u306e\u51b7\u3048\u8fbc\u307f\u304c\u7cd6\u3068\u9178\u3001\u30a2\u30ed\u30de\u5316\u5408\u7269\u306e\u5206\u89e3\u3092\u6291\u5236\u3059\u308b\u305f\u3081\u3001\u30d6\u30c9\u30a6\u306b\u9bae\u3084\u304b\u306a\u9178\u5473\u3068\u30d5\u30ec\u30c3\u30b7\u30e5\u306a\u679c\u5b9f\u5473\u3001\u8c4a\u304b\u306a\u30a2\u30ed\u30de\u304c\u3082\u305f\u3089\u3055\u308c\u307e\u3059\u3002\u30b0\u30ea\u30fc\u30f3\u30d9\u30b8\u30bf\u30eb\u3084\u30cf\u30fc\u30d6\u306e\u30cb\u30e5\u30a2\u30f3\u30b9\u3001\u30b0\u30ec\u30fc\u30d7\u30d5\u30eb\u30fc\u30c4\u3084\u30e9\u30a4\u30e0\u306a\u3069\u306e\u67d1\u6a58\u7cfb\u306e\u30d5\u30ec\u30fc\u30d0\u30fc\u304c\u969b\u7acb\u3064\u9b45\u529b\u7684\u306a\u679c\u5b9f\u304c\u5b9f\u308a\u307e\u3059\u3002<\/p>\n\n\n\n<p>\u571f\u58cc\u306f\u4e3b\u306b\u6392\u6c34\u6027\u306b\u512a\u308c\u305f\u7802\u5229\u8cea\u3067\u3001\u30d6\u30c9\u30a6\u306e\u6839\u306f\u6c34\u5206\u3092\u6c42\u3081\u3066\u5730\u4e2d\u6df1\u304f\u307e\u3067\u6839\u3092\u5f35\u308b\u3053\u3068\u3067\u3001\u9069\u5ea6\u306a\u6c34\u5206\u30b9\u30c8\u30ec\u30b9\u304c\u304b\u304b\u308a\u3064\u3064\u3001\u5730\u4e2d\u6df1\u304f\u304b\u3089\u6c34\u5206\u3068\u3082\u306b\u8c4a\u5bcc\u306a\u30df\u30cd\u30e9\u30eb\u3092\u5438\u53ce\u3059\u308b\u3053\u3068\u3067\u3001\u679c\u5b9f\u306f\u6fc3\u7e2e\u611f\u306e\u3042\u308b\u8c4a\u304b\u306a\u30a2\u30ed\u30de\u3092\u751f\u307f\u51fa\u3057\u307e\u3059\u3002\u30d1\u30c3\u30b7\u30e7\u30f3\u30d5\u30eb\u30fc\u30c4\u3084\u30b0\u30a2\u30d0\u306e\u30c8\u30ed\u30d4\u30ab\u30eb\u306a\u9999\u308a\u3001\u67d1\u6a58\u7cfb\u306e\u723d\u3084\u304b\u306a\u9999\u308a\u304c\u4e00\u5c64\u5f15\u304d\u7acb\u3061\u3001\u30df\u30cd\u30e9\u30eb\u611f\u3084\u5f15\u304d\u7de0\u307e\u3063\u305f\u5473\u308f\u3044\u304c\u5f62\u6210\u3055\u308c\u307e\u3059\u3002<\/p>\n\n\n\n<p>\u5b89\u5b9a\u3057\u305f\u54c1\u8cea\u3068\u30d5\u30ec\u30c3\u30b7\u30e5\u3067\u30b7\u30e3\u30fc\u30d7\u306a\u9178\u5473\u3001\u72ec\u7279\u306e\u30a2\u30ed\u30de\u3092\u6301\u3064\u30de\u30fc\u30eb\u30dc\u30ed\u7523\u306e\u30bd\u30fc\u30f4\u30a3\u30cb\u30e8\u30f3\u30fb\u30d6\u30e9\u30f3\u306f\u3001\u4e16\u754c\u7684\u306b\u9ad8\u304f\u8a55\u4fa1\u3055\u308c\u3066\u3044\u307e\u3059\u3002<\/p>\n\n\n\n<h3 class=\"wp-block-heading\">\u30ef\u30a4\u30e9\u30a6\u30fb\u30f4\u30a1\u30ec\u30fc<\/h3>\n\n\n\n<p>\u30de\u30fc\u30eb\u30dc\u30ed\u5730\u65b9\u306e\u4e2d\u5fc3\u90e8\u306b\u4f4d\u7f6e\u3059\u308b\u30ef\u30a4\u30e9\u30a6\u30fb\u30f4\u30a1\u30ec\u30fc\u306f\u3001\u30ef\u30a4\u30e9\u30a6\u5ddd\u6d41\u57df\u306b\u5e83\u304c\u308b\u5e83\u5927\u306a\u5e73\u91ce\u3068\u7a4f\u3084\u304b\u306a\u6c17\u5019\u304c\u7279\u5fb4\u306e\u30a8\u30ea\u30a2\u3067\u3059\u3002<\/p>\n\n\n\n<p>\u30ef\u30a4\u30e9\u30a6\u30fb\u30f4\u30a1\u30ec\u30fc\u306e\u6c17\u5019\u306f\u3001\u30de\u30fc\u30eb\u30dc\u30ed\u5730\u65b9\u306e\u7279\u5fb4\u3067\u3042\u308b\u51b7\u6dbc\u306a\u6d77\u6d0b\u6027\u6c17\u5019\u3067\u3042\u308a\u3064\u3064\u3082\u3001\u5468\u56f2\u3092\u5c71\u3005\u306b\u56f2\u307e\u308c\u3066\u3044\u308b\u305f\u3081\u3001\u592a\u5e73\u6d0b\u304b\u3089\u306e\u51b7\u305f\u3044\u6d77\u98a8\u306e\u5f71\u97ff\u304c\u548c\u3089\u3052\u3089\u308c\u3001\u6bd4\u8f03\u7684\u7a4f\u3084\u304b\u306a\u5730\u57df\u3067\u3059\u3002\u65e5\u5f53\u305f\u308a\u304c\u826f\u304f\u3001\u65e5\u7167\u6642\u9593\u304c\u9577\u3044\u305f\u3081\u3001\u30d6\u30c9\u30a6\u304c\u5747\u4e00\u306b\u719f\u3057\u3066\u3001\u67d1\u6a58\u7cfb\u306e\u30d5\u30ec\u30c3\u30b7\u30e5\u306a\u30a2\u30ed\u30de\u3084\u30c8\u30ed\u30d4\u30ab\u30eb\u30d5\u30eb\u30fc\u30c4\u3001\u30d1\u30c3\u30b7\u30e7\u30f3\u30d5\u30eb\u30fc\u30c4\u306e\u719f\u3057\u305f\u679c\u5b9f\u611f\u3001\u3055\u3089\u306b\u4e38\u307f\u306e\u3042\u308b\u5473\u308f\u3044\u304c\u969b\u7acb\u3064\u30bd\u30fc\u30f4\u30a3\u30cb\u30e8\u30f3\u30fb\u30d6\u30e9\u30f3\u304c\u751f\u307e\u308c\u307e\u3059\u3002\u663c\u591c\u306e\u5bd2\u6696\u5dee\u304c\u5927\u304d\u3044\u3053\u3068\u3082\u30d6\u30c9\u30a6\u306e\u54c1\u8cea\u306b\u597d\u5f71\u97ff\u3092\u53ca\u307c\u3057\u3066\u3044\u307e\u3059\u3002<\/p>\n\n\n\n<p>\u571f\u58cc\u306f\u3001\u7802\u5229\u8cea\u306b\u52a0\u3048\u3066\u3001\u7c98\u571f\u8cea\u571f\u58cc\u3082\u4e00\u90e8\u3067\u898b\u3089\u308c\u307e\u3059\u3002\u7c98\u571f\u8cea\u6642\u571f\u58cc\u306e\u4fdd\u6c34\u6027\u306e\u9ad8\u3055\u3068\u8c4a\u5bcc\u306a\u30df\u30cd\u30e9\u30eb\u306b\u3088\u308a\u3001\u30d6\u30c9\u30a6\u304c\u3086\u3063\u304f\u308a\u6210\u719f\u3057\u3001\u30ea\u30c3\u30c1\u3067\u30d5\u30eb\u30fc\u30c6\u30a3\u30fc\u306a\u5473\u308f\u3044\u306e\u679c\u5b9f\u304c\u5b9f\u308a\u307e\u3059\u3002<\/p>\n\n\n\n<p>\u30ef\u30a4\u30e9\u30a6\u30fb\u30f4\u30a1\u30ec\u30fc\u306e\u30bd\u30fc\u30f4\u30a3\u30cb\u30e8\u30f3\u30fb\u30d6\u30e9\u30f3\u306f\u3001\u51b7\u6dbc\u306a\u6c17\u5019\u3068\u8c4a\u304b\u306a\u30c6\u30ed\u30ef\u30fc\u30eb\u304c\u751f\u307f\u51fa\u3059\u3001\u67d1\u6a58\u7cfb\u3084\u30cf\u30fc\u30d6\u306e\u9bae\u3084\u304b\u306a\u30a2\u30ed\u30de\u3001\u6fc3\u7e2e\u611f\u306e\u3042\u308b\u5473\u308f\u3044\u304c\u7279\u5fb4\u3067\u3059\u3002\u305d\u306e\u4e38\u307f\u3092\u5e2f\u3073\u305f\u679c\u5b9f\u5473\u3068\u30d5\u30ec\u30c3\u30b7\u30e5\u306a\u9178\u5473\u306e\u30d0\u30e9\u30f3\u30b9\u306f\u3001\u4ed6\u56fd\u306e\u30bd\u30fc\u30f4\u30a3\u30cb\u30e8\u30f3\u30fb\u30d6\u30e9\u30f3\u3068\u306f\u7570\u306a\u308b\u9b45\u529b\u3092\u653e\u3061\u3001\u4e16\u754c\u4e2d\u306e\u611b\u597d\u5bb6\u304b\u3089\u652f\u6301\u3055\u308c\u3066\u3044\u307e\u3059\u3002<\/p>\n\n\n\n<p><\/p>\n","protected":false},"featured_media":60000,"template":"","wine_type":[77],"taste":[72],"wine_tag":[],"class_list":["post-59999","product","type-product","status-publish","has-post-thumbnail","hentry","wine_type-white","taste-elegant"],"acf":[],"_links":{"self":[{"href":"https:\/\/homewine.jp\/store\/wp-json\/wp\/v2\/product\/59999","targetHints":{"allow":["GET"]}}],"collection":[{"href":"https:\/\/homewine.jp\/store\/wp-json\/wp\/v2\/product"}],"about":[{"href":"https:\/\/homewine.jp\/store\/wp-json\/wp\/v2\/types\/product"}],"wp:featuredmedia":[{"embeddable":true,"href":"https:\/\/homewine.jp\/store\/wp-json\/wp\/v2\/media\/60000"}],"wp:attachment":[{"href":"https:\/\/homewine.jp\/store\/wp-json\/wp\/v2\/media?parent=59999"}],"wp:term":[{"taxonomy":"wine_type","embeddable":true,"href":"https:\/\/homewine.jp\/store\/wp-json\/wp\/v2\/wine_type?post=59999"},{"taxonomy":"taste","embeddable":true,"href":"https:\/\/homewine.jp\/store\/wp-json\/wp\/v2\/taste?post=59999"},{"taxonomy":"wine_tag","embeddable":true,"href":"https:\/\/homewine.jp\/store\/wp-json\/wp\/v2\/wine_tag?post=59999"}],"curies":[{"name":"wp","href":"https:\/\/api.w.org\/{rel}","templated":true}]}}